{"id":972,"date":"2022-09-01T22:43:03","date_gmt":"2022-09-01T22:43:03","guid":{"rendered":"https:\/\/juanmanuelvejar.com\/?page_id=972"},"modified":"2022-09-02T00:54:36","modified_gmt":"2022-09-02T00:54:36","slug":"nosotros","status":"publish","type":"page","link":"https:\/\/www.juanmanuelvejar.com\/?page_id=972","title":{"rendered":"Nosotros"},"content":{"rendered":"\t\t<div data-elementor-type=\"wp-page\" data-elementor-id=\"972\" class=\"elementor elementor-972\">\n\t\t\t\t\t\t<section class=\"elementor-section elementor-top-section elementor-element elementor-element-7bc6c58 elementor-section-content-middle elementor-section-boxed elementor-section-height-default elementor-section-height-default\" data-id=\"7bc6c58\" data-element_type=\"section\" data-settings=\"{&quot;background_background&quot;:&quot;classic&quot;}\">\n\t\t\t\t\t\t<div class=\"elementor-container elementor-column-gap-no\">\n\t\t\t\t\t<div class=\"elementor-column elementor-col-100 elementor-top-column elementor-element elementor-element-ecde006\" data-id=\"ecde006\" data-element_type=\"column\">\n\t\t\t<div class=\"elementor-widget-wrap elementor-element-populated\">\n\t\t\t\t\t\t<div class=\"elementor-element elementor-element-4c2c0fb elementor-widget elementor-widget-icon-box\" data-id=\"4c2c0fb\" data-element_type=\"widget\" data-widget_type=\"icon-box.default\">\n\t\t\t\t<div class=\"elementor-widget-container\">\n\t\t\t\t\t\t\t<div class=\"elementor-icon-box-wrapper\">\n\n\t\t\t\n\t\t\t\t\t\t<div class=\"elementor-icon-box-content\">\n\n\t\t\t\t\t\t\t\t\t<h2 class=\"elementor-icon-box-title\">\n\t\t\t\t\t\t<span  >\n\t\t\t\t\t\t\tEl autor\t\t\t\t\t\t<\/span>\n\t\t\t\t\t<\/h2>\n\t\t\t\t\n\t\t\t\t\n\t\t\t<\/div>\n\t\t\t\n\t\t<\/div>\n\t\t\t\t\t\t<\/div>\n\t\t\t\t<\/div>\n\t\t\t\t\t<\/div>\n\t\t<\/div>\n\t\t\t\t\t<\/div>\n\t\t<\/section>\n\t\t\t\t<section class=\"elementor-section elementor-top-section elementor-element elementor-element-b59cb32 elementor-section-full_width elementor-section-height-default elementor-section-height-default\" data-id=\"b59cb32\" data-element_type=\"section\">\n\t\t\t\t\t\t<div class=\"elementor-container elementor-column-gap-no\">\n\t\t\t\t\t<div class=\"elementor-column elementor-col-25 elementor-top-column elementor-element elementor-element-dee7254\" data-id=\"dee7254\" data-element_type=\"column\">\n\t\t\t<div class=\"elementor-widget-wrap elementor-element-populated\">\n\t\t\t\t\t\t<div class=\"elementor-element elementor-element-13f41ef elementor-widget elementor-widget-image\" data-id=\"13f41ef\" data-element_type=\"widget\" data-widget_type=\"image.default\">\n\t\t\t\t<div class=\"elementor-widget-container\">\n\t\t\t\t\t\t\t\t\t\t\t\t\t\t\t<img fetchpriority=\"high\" decoding=\"async\" width=\"1024\" height=\"1024\" src=\"https:\/\/www.juanmanuelvejar.com\/wp-content\/uploads\/2022\/09\/Insta1-1024x1024.jpg\" class=\"attachment-large size-large wp-image-1062\" alt=\"\" srcset=\"https:\/\/www.juanmanuelvejar.com\/wp-content\/uploads\/2022\/09\/Insta1-1024x1024.jpg 1024w, https:\/\/www.juanmanuelvejar.com\/wp-content\/uploads\/2022\/09\/Insta1-300x300.jpg 300w, https:\/\/www.juanmanuelvejar.com\/wp-content\/uploads\/2022\/09\/Insta1-150x150.jpg 150w, https:\/\/www.juanmanuelvejar.com\/wp-content\/uploads\/2022\/09\/Insta1-768x768.jpg 768w, https:\/\/www.juanmanuelvejar.com\/wp-content\/uploads\/2022\/09\/Insta1-600x600.jpg 600w, https:\/\/www.juanmanuelvejar.com\/wp-content\/uploads\/2022\/09\/Insta1-100x100.jpg 100w, https:\/\/www.juanmanuelvejar.com\/wp-content\/uploads\/2022\/09\/Insta1.jpg 1080w\" sizes=\"(max-width: 1024px) 100vw, 1024px\" \/>\t\t\t\t\t\t\t\t\t\t\t\t\t\t\t<\/div>\n\t\t\t\t<\/div>\n\t\t\t\t\t<\/div>\n\t\t<\/div>\n\t\t\t\t<div class=\"elementor-column elementor-col-25 elementor-top-column elementor-element elementor-element-d96e942\" data-id=\"d96e942\" data-element_type=\"column\">\n\t\t\t<div class=\"elementor-widget-wrap elementor-element-populated\">\n\t\t\t\t\t\t<div class=\"elementor-element elementor-element-0373a19 elementor-widget elementor-widget-image\" data-id=\"0373a19\" data-element_type=\"widget\" data-widget_type=\"image.default\">\n\t\t\t\t<div class=\"elementor-widget-container\">\n\t\t\t\t\t\t\t\t\t\t\t\t\t\t\t<img decoding=\"async\" width=\"768\" height=\"768\" src=\"https:\/\/www.juanmanuelvejar.com\/wp-content\/uploads\/2022\/09\/Mod2-768x768.png\" class=\"attachment-medium_large size-medium_large wp-image-1064\" alt=\"\" srcset=\"https:\/\/www.juanmanuelvejar.com\/wp-content\/uploads\/2022\/09\/Mod2-768x768.png 768w, https:\/\/www.juanmanuelvejar.com\/wp-content\/uploads\/2022\/09\/Mod2-300x300.png 300w, https:\/\/www.juanmanuelvejar.com\/wp-content\/uploads\/2022\/09\/Mod2-1024x1024.png 1024w, https:\/\/www.juanmanuelvejar.com\/wp-content\/uploads\/2022\/09\/Mod2-150x150.png 150w, https:\/\/www.juanmanuelvejar.com\/wp-content\/uploads\/2022\/09\/Mod2-600x600.png 600w, https:\/\/www.juanmanuelvejar.com\/wp-content\/uploads\/2022\/09\/Mod2-100x100.png 100w, https:\/\/www.juanmanuelvejar.com\/wp-content\/uploads\/2022\/09\/Mod2.png 1080w\" sizes=\"(max-width: 768px) 100vw, 768px\" \/>\t\t\t\t\t\t\t\t\t\t\t\t\t\t\t<\/div>\n\t\t\t\t<\/div>\n\t\t\t\t\t<\/div>\n\t\t<\/div>\n\t\t\t\t<div class=\"elementor-column elementor-col-50 elementor-top-column elementor-element elementor-element-a2cbc6f\" data-id=\"a2cbc6f\" data-element_type=\"column\" data-settings=\"{&quot;background_background&quot;:&quot;classic&quot;}\">\n\t\t\t<div class=\"elementor-widget-wrap elementor-element-populated\">\n\t\t\t\t\t\t<div class=\"elementor-element elementor-element-c1150f0 elementor-widget elementor-widget-heading\" data-id=\"c1150f0\" data-element_type=\"widget\" data-widget_type=\"heading.default\">\n\t\t\t\t<div class=\"elementor-widget-container\">\n\t\t\t\t\t<h2 class=\"elementor-heading-title elementor-size-default\">Juan Manuel V\u00e9jar un artista con una visi\u00f3n sensible y honesta<\/h2>\t\t\t\t<\/div>\n\t\t\t\t<\/div>\n\t\t\t\t<div class=\"elementor-element elementor-element-cb9429d elementor-widget elementor-widget-text-editor\" data-id=\"cb9429d\" data-element_type=\"widget\" data-widget_type=\"text-editor.default\">\n\t\t\t\t<div class=\"elementor-widget-container\">\n\t\t\t\t\t\t\t\t\t<p>Con un encuadre de conexi\u00f3n entre lo natural y lo urbano. La contemplativa del autor y su inspiraci\u00f3n de honrarlas da pie a crear obras e inmortalizar su forma, color, textura, car\u00e1cter a trav\u00e9s de su lente con una sutil inspiraci\u00f3n creativa.<\/p>\t\t\t\t\t\t\t\t<\/div>\n\t\t\t\t<\/div>\n\t\t\t\t<div class=\"elementor-element elementor-element-bfc75b4 elementor-widget elementor-widget-image\" data-id=\"bfc75b4\" data-element_type=\"widget\" data-widget_type=\"image.default\">\n\t\t\t\t<div class=\"elementor-widget-container\">\n\t\t\t\t\t\t\t\t\t\t\t\t\t\t\t<img decoding=\"async\" width=\"74\" height=\"48\" src=\"https:\/\/www.juanmanuelvejar.com\/wp-content\/uploads\/2022\/09\/FirmaMini.png\" class=\"attachment-large size-large wp-image-1060\" alt=\"\" \/>\t\t\t\t\t\t\t\t\t\t\t\t\t\t\t<\/div>\n\t\t\t\t<\/div>\n\t\t\t\t<div class=\"elementor-element elementor-element-38f7a34 elementor-shape-circle elementor-grid-0 elementor-widget elementor-widget-social-icons\" data-id=\"38f7a34\" data-element_type=\"widget\" data-widget_type=\"social-icons.default\">\n\t\t\t\t<div class=\"elementor-widget-container\">\n\t\t\t\t\t\t\t<div class=\"elementor-social-icons-wrapper elementor-grid\">\n\t\t\t\t\t\t\t<span class=\"elementor-grid-item\">\n\t\t\t\t\t<a class=\"elementor-icon elementor-social-icon elementor-social-icon-instagram elementor-repeater-item-9ede2d7\" href=\"https:\/\/www.instagram.com\/a.juanmanuelvejar\/\" target=\"_blank\">\n\t\t\t\t\t\t<span class=\"elementor-screen-only\">Instagram<\/span>\n\t\t\t\t\t\t<i class=\"fab fa-instagram\"><\/i>\t\t\t\t\t<\/a>\n\t\t\t\t<\/span>\n\t\t\t\t\t<\/div>\n\t\t\t\t\t\t<\/div>\n\t\t\t\t<\/div>\n\t\t\t\t\t<\/div>\n\t\t<\/div>\n\t\t\t\t\t<\/div>\n\t\t<\/section>\n\t\t\t\t<\/div>\n\t\t","protected":false},"excerpt":{"rendered":"<p>El autor Juan Manuel V\u00e9jar un artista con una visi\u00f3n sensible y honesta Con un encuadre de conexi\u00f3n entre lo natural y lo urbano. La contemplativa del autor y su inspiraci\u00f3n de honrarlas da pie a crear obras e inmortalizar su forma, color, textura, car\u00e1cter a trav\u00e9s de su lente con una sutil inspiraci\u00f3n creativa. &hellip;<\/p>\n<p class=\"read-more\"> <a class=\"\" href=\"https:\/\/www.juanmanuelvejar.com\/?page_id=972\"> <span class=\"screen-reader-text\">Nosotros<\/span> Leer m\u00e1s &raquo;<\/a><\/p>\n","protected":false},"author":1,"featured_media":0,"parent":0,"menu_order":0,"comment_status":"closed","ping_status":"closed","template":"","meta":{"site-sidebar-layout":"no-sidebar","site-content-layout":"page-builder","ast-global-header-display":"","ast-main-header-display":"","ast-hfb-above-header-display":"","ast-hfb-below-header-display":"","ast-hfb-mobile-header-display":"","site-post-title":"disabled","ast-breadcrumbs-content":"","ast-featured-img":"disabled","footer-sml-layout":"","theme-transparent-header-meta":"","adv-header-id-meta":"","stick-header-meta":"","header-above-stick-meta":"","header-main-stick-meta":"","header-below-stick-meta":"","footnotes":""},"class_list":["post-972","page","type-page","status-publish","hentry"],"_links":{"self":[{"href":"https:\/\/www.juanmanuelvejar.com\/index.php?rest_route=\/wp\/v2\/pages\/972","targetHints":{"allow":["GET"]}}],"collection":[{"href":"https:\/\/www.juanmanuelvejar.com\/index.php?rest_route=\/wp\/v2\/pages"}],"about":[{"href":"https:\/\/www.juanmanuelvejar.com\/index.php?rest_route=\/wp\/v2\/types\/page"}],"author":[{"embeddable":true,"href":"https:\/\/www.juanmanuelvejar.com\/index.php?rest_route=\/wp\/v2\/users\/1"}],"replies":[{"embeddable":true,"href":"https:\/\/www.juanmanuelvejar.com\/index.php?rest_route=%2Fwp%2Fv2%2Fcomments&post=972"}],"version-history":[{"count":13,"href":"https:\/\/www.juanmanuelvejar.com\/index.php?rest_route=\/wp\/v2\/pages\/972\/revisions"}],"predecessor-version":[{"id":1070,"href":"https:\/\/www.juanmanuelvejar.com\/index.php?rest_route=\/wp\/v2\/pages\/972\/revisions\/1070"}],"wp:attachment":[{"href":"https:\/\/www.juanmanuelvejar.com\/index.php?rest_route=%2Fwp%2Fv2%2Fmedia&parent=972"}],"curies":[{"name":"wp","href":"https:\/\/api.w.org\/{rel}","templated":true}]}}